{"id":2686,"date":"2022-09-02T14:48:33","date_gmt":"2022-09-02T12:48:33","guid":{"rendered":"https:\/\/virginiebinot.com\/store\/"},"modified":"2024-03-31T11:56:07","modified_gmt":"2024-03-31T09:56:07","slug":"store","status":"publish","type":"page","link":"https:\/\/virginiebinot.com\/en\/store\/","title":{"rendered":"Store"},"content":{"rendered":"\n\n\t<section class=\"section\" id=\"section_66032592\">\n\t\t<div class=\"section-bg fill\" >\n\t\t\t\t\t\t\t\t\t\n\t\t\t\n\n\t\t<\/div>\n\n\t\t\n\n\t\t<div class=\"section-content relative\">\n\t\t\t\n\n<div class=\"row\"  id=\"row-20057753\">\n\n\n\t<div id=\"col-581157504\" class=\"col small-12 large-12\"  >\n\t\t\t\t<div class=\"col-inner text-center\"  >\n\t\t\t\n\t\t\t\n\n\t<div id=\"text-4240574539\" class=\"text\">\n\t\t\n\n<h1 class=\"uppercase\">My boxes and coaching<\/h1>\n\t\t\n<style>\n#text-4240574539 {\n  text-align: center;\n  color: rgb(255,255,255);\n}\n#text-4240574539 > * {\n  color: rgb(255,255,255);\n}\n<\/style>\n\t<\/div>\n\t\n\n\t\t<\/div>\n\t\t\t\t\n<style>\n#col-581157504 > .col-inner {\n  padding: 21px 0px 0px 0px;\n  margin: -11px 0px -30px 0px;\n}\n<\/style>\n\t<\/div>\n\n\t\n\n<\/div>\n\n\t\t<\/div>\n\n\t\t\n<style>\n#section_66032592 {\n  padding-top: 6px;\n  padding-bottom: 6px;\n  margin-bottom: 41px;\n  background-color: #bb6464;\n}\n<\/style>\n\t<\/section>\n\t\n\n\t<section class=\"section\" id=\"section_2076137872\">\n\t\t<div class=\"section-bg fill\" >\n\t\t\t\t\t\t\t\t\t\n\t\t\t\n\n\t\t<\/div>\n\n\t\t\n\n\t\t<div class=\"section-content relative\">\n\t\t\t\n\n<div class=\"row\"  id=\"row-973558340\">\n\n\n\t<div id=\"col-1833886617\" class=\"col small-12 large-12\"  >\n\t\t\t\t<div class=\"col-inner\"  >\n\t\t\t\n\t\t\t\n\n\t\n  \n    <div class=\"row large-columns-4 medium-columns-3 small-columns-2 row-normal slider row-slider slider-nav-reveal slider-nav-push\"  data-flickity-options='{&quot;imagesLoaded&quot;: true, &quot;groupCells&quot;: &quot;100%&quot;, &quot;dragThreshold&quot; : 5, &quot;cellAlign&quot;: &quot;left&quot;,&quot;wrapAround&quot;: true,&quot;prevNextButtons&quot;: true,&quot;percentPosition&quot;: true,&quot;pageDots&quot;: false, &quot;rightToLeft&quot;: false, &quot;autoPlay&quot; : false}' >\n\n  \n\t     <div class=\"product-small col has-hover product type-product post-2685 status-publish first instock product_cat-symbols product_tag-come-true product_tag-dreams product_tag-keys-to-fulfillment product_tag-oracle-en product_tag-sacred-geometric-figure product_tag-serenity product_tag-to-be-oneself product_tag-view has-post-thumbnail downloadable shipping-taxable purchasable product-type-simple\">\n\t<div class=\"col-inner\">\n\t\n<div class=\"badge-container absolute left top z-1\">\n\n<\/div>\n\t<div class=\"product-small box \">\n\t\t<div class=\"box-image\">\n\t\t\t<div class=\"image-fade_in_back\">\n\t\t\t\t<a href=\"https:\/\/virginiebinot.com\/en\/product\/channeled-sacred-geometric-figure\/\" aria-label=\"Channeled sacred geometric figure\">\n\t\t\t\t\t<img loading=\"lazy\" decoding=\"async\" width=\"247\" height=\"296\" src=\"https:\/\/virginiebinot.com\/wp-content\/uploads\/2023\/09\/virginie_binot_boutique_figure_geometrie_sacree_canalisee-247x296.png\" class=\"attachment-woocommerce_thumbnail size-woocommerce_thumbnail\" alt=\"figure_g\u00e9om\u00e9trie_sacr\u00e9e_canalis\u00e9e\" \/><img loading=\"lazy\" decoding=\"async\" width=\"247\" height=\"296\" src=\"https:\/\/virginiebinot.com\/wp-content\/uploads\/2023\/09\/Figure_geometrique_sacree_virginie_binot-247x296.png\" class=\"show-on-hover absolute fill hide-for-small back-image\" alt=\"Figure_g\u00e9om\u00e9trique_sacr\u00e9e_virginie_binot\" \/>\t\t\t\t<\/a>\n\t\t\t<\/div>\n\t\t\t<div class=\"image-tools is-small top right show-on-hover\">\n\t\t\t\t\t\t\t<\/div>\n\t\t\t<div class=\"image-tools is-small hide-for-small bottom left show-on-hover\">\n\t\t\t\t\t\t\t<\/div>\n\t\t\t<div class=\"image-tools grid-tools text-center hide-for-small bottom hover-slide-in show-on-hover\">\n\t\t\t\t  <a class=\"quick-view\" data-prod=\"2685\" href=\"#quick-view\">Quick View<\/a>\t\t\t<\/div>\n\t\t\t\t\t<\/div>\n\n\t\t<div class=\"box-text box-text-products\">\n\t\t\t<div class=\"title-wrapper\">\t\t<p class=\"category uppercase is-smaller no-text-overflow product-cat op-7\">\n\t\t\tSymbols\t\t<\/p>\n\t<p class=\"name product-title woocommerce-loop-product__title\"><a href=\"https:\/\/virginiebinot.com\/en\/product\/channeled-sacred-geometric-figure\/\" class=\"woocommerce-LoopProduct-link woocommerce-loop-product__link\">Channeled sacred geometric figure<\/a><\/p><\/div><div class=\"price-wrapper\">\n\t<span class=\"price\"><span class=\"woocommerce-Price-amount amount\"><bdi><span class=\"woocommerce-Price-currencySymbol\">&#36;<\/span>8.00<\/bdi><\/span><\/span>\n<\/div>\t\t<\/div>\n\t<\/div>\n\t\t<\/div>\n<\/div><\/div>\n\n\n\t\t<\/div>\n\t\t\t\t\t<\/div>\n\n\t\n\n\n<style>\n#row-973558340 > .col > .col-inner {\n  padding: 0px 0px 37px 0px;\n}\n<\/style>\n<\/div>\n\n\t\t<\/div>\n\n\t\t\n<style>\n#section_2076137872 {\n  padding-top: 0px;\n  padding-bottom: 0px;\n  margin-bottom: -28px;\n  min-height: 0px;\n}\n<\/style>\n\t<\/section>\n\t\n\n\t<section class=\"section dark\" id=\"section_1276606756\">\n\t\t<div class=\"section-bg fill\" >\n\t\t\t\t\t\t\t\t\t\n\t\t\t\n\n\t\t<\/div>\n\n\t\t\n\n\t\t<div class=\"section-content relative\">\n\t\t\t\n\n<div class=\"row row-collapse\"  id=\"row-871469288\">\n\n\n\t<div id=\"col-1537302468\" class=\"col small-12 large-12\"  >\n\t\t\t\t<div class=\"col-inner text-center\"  >\n\t\t\t\n\t\t\t\n\n<a href=\"https:\/\/virginie-binot.myspreadshop.fr\" target=\"_blank\" class=\"button primary is-larger expand\" rel=\"noopener\"  style=\"padding:0px 0px 0px 0px;\">\n\t\t<span>SPreadshirt store<\/span>\n\t<\/a>\n\n\n\n\t\t<\/div>\n\t\t\t\t\n<style>\n#col-1537302468 > .col-inner {\n  margin: -2px 0px 0px 0px;\n}\n<\/style>\n\t<\/div>\n\n\t\n\n\n<style>\n#row-871469288 > .col > .col-inner {\n  padding: 0px 0px 0px 0px;\n}\n<\/style>\n<\/div>\n\n\t\t<\/div>\n\n\t\t\n<style>\n#section_1276606756 {\n  padding-top: 1px;\n  padding-bottom: 1px;\n  background-color: rgba(0, 0, 0, 0);\n}\n<\/style>\n\t<\/section>\n\t\n\n\t<section class=\"section\" id=\"section_1295173594\">\n\t\t<div class=\"section-bg fill\" >\n\t\t\t\t\t\t\t\t\t\n\t\t\t\n\n\t\t<\/div>\n\n\t\t\n\n\t\t<div class=\"section-content relative\">\n\t\t\t\n\n<div class=\"row\"  id=\"row-2096331234\">\n\n\n\t<div id=\"col-683678570\" class=\"col small-12 large-12\"  >\n\t\t\t\t<div class=\"col-inner\"  >\n\t\t\t\n\t\t\t\n\n\t<div class=\"img has-hover x md-x lg-x y md-y lg-y\" id=\"image_1799339825\">\n\t\t<a class=\"\" href=\"https:\/\/virginie-binot.myspreadshop.fr\" target=\"_blank\" rel=\"noopener\" >\t\t\t\t\t\t<div class=\"img-inner dark\" >\n\t\t\t<img loading=\"lazy\" decoding=\"async\" width=\"1020\" height=\"638\" src=\"https:\/\/virginiebinot.com\/wp-content\/uploads\/2022\/09\/visuel-site-internet-Merch-1.jpg\" class=\"attachment-large size-large\" alt=\"articles v\u00eatements et accessoires avec design\" srcset=\"https:\/\/virginiebinot.com\/wp-content\/uploads\/2022\/09\/visuel-site-internet-Merch-1.jpg 1200w, https:\/\/virginiebinot.com\/wp-content\/uploads\/2022\/09\/visuel-site-internet-Merch-1-640x400.jpg 640w, https:\/\/virginiebinot.com\/wp-content\/uploads\/2022\/09\/visuel-site-internet-Merch-1-768x480.jpg 768w, https:\/\/virginiebinot.com\/wp-content\/uploads\/2022\/09\/visuel-site-internet-Merch-1-510x319.jpg 510w\" sizes=\"auto, (max-width: 1020px) 100vw, 1020px\" \/>\t\t\t\t\t\t\n\t\t\t\t\t<\/div>\n\t\t\t\t\t\t<\/a>\t\t\n<style>\n#image_1799339825 {\n  width: 100%;\n}\n<\/style>\n\t<\/div>\n\t\n\n\n\t\t<\/div>\n\t\t\t\t\t<\/div>\n\n\t\n\n<\/div>\n\n\t\t<\/div>\n\n\t\t\n<style>\n#section_1295173594 {\n  padding-top: 30px;\n  padding-bottom: 30px;\n  margin-bottom: -28px;\n}\n<\/style>\n\t<\/section>\n\t\n","protected":false},"excerpt":{"rendered":"","protected":false},"author":1,"featured_media":0,"parent":0,"menu_order":0,"comment_status":"closed","ping_status":"closed","template":"page-blank.php","meta":{"footnotes":""},"class_list":["post-2686","page","type-page","status-publish","hentry"],"yoast_head":"<!-- This site is optimized with the Yoast SEO plugin v27.3 - https:\/\/yoast.com\/product\/yoast-seo-wordpress\/ -->\n<title>Store - Virginie Binot<\/title>\n<meta name=\"robots\" content=\"index, follow, max-snippet:-1, max-image-preview:large, max-video-preview:-1\" \/>\n<link rel=\"canonical\" href=\"https:\/\/virginiebinot.com\/en\/store\/\" \/>\n<meta property=\"og:locale\" content=\"en_US\" \/>\n<meta property=\"og:type\" content=\"article\" \/>\n<meta property=\"og:title\" content=\"Store - Virginie Binot\" \/>\n<meta property=\"og:url\" content=\"https:\/\/virginiebinot.com\/en\/store\/\" \/>\n<meta property=\"og:site_name\" content=\"Virginie Binot\" \/>\n<meta property=\"article:publisher\" content=\"https:\/\/www.facebook.com\/virginiebinotauteur\" \/>\n<meta property=\"article:modified_time\" content=\"2024-03-31T09:56:07+00:00\" \/>\n<meta name=\"twitter:card\" content=\"summary_large_image\" \/>\n<meta name=\"twitter:label1\" content=\"Est. reading time\" \/>\n\t<meta name=\"twitter:data1\" content=\"1 minute\" \/>\n<script type=\"application\/ld+json\" class=\"yoast-schema-graph\">{\"@context\":\"https:\\\/\\\/schema.org\",\"@graph\":[{\"@type\":\"WebPage\",\"@id\":\"https:\\\/\\\/virginiebinot.com\\\/en\\\/store\\\/\",\"url\":\"https:\\\/\\\/virginiebinot.com\\\/en\\\/store\\\/\",\"name\":\"Store - Virginie Binot\",\"isPartOf\":{\"@id\":\"https:\\\/\\\/virginiebinot.com\\\/en\\\/#website\"},\"datePublished\":\"2022-09-02T12:48:33+00:00\",\"dateModified\":\"2024-03-31T09:56:07+00:00\",\"breadcrumb\":{\"@id\":\"https:\\\/\\\/virginiebinot.com\\\/en\\\/store\\\/#breadcrumb\"},\"inLanguage\":\"en-US\",\"potentialAction\":[{\"@type\":\"ReadAction\",\"target\":[\"https:\\\/\\\/virginiebinot.com\\\/en\\\/store\\\/\"]}]},{\"@type\":\"BreadcrumbList\",\"@id\":\"https:\\\/\\\/virginiebinot.com\\\/en\\\/store\\\/#breadcrumb\",\"itemListElement\":[{\"@type\":\"ListItem\",\"position\":1,\"name\":\"Accueil\",\"item\":\"https:\\\/\\\/virginiebinot.com\\\/en\\\/\"},{\"@type\":\"ListItem\",\"position\":2,\"name\":\"Store\"}]},{\"@type\":\"WebSite\",\"@id\":\"https:\\\/\\\/virginiebinot.com\\\/en\\\/#website\",\"url\":\"https:\\\/\\\/virginiebinot.com\\\/en\\\/\",\"name\":\"Virginie Binot\",\"description\":\"Virginie Binot Auteur\",\"publisher\":{\"@id\":\"https:\\\/\\\/virginiebinot.com\\\/en\\\/#organization\"},\"potentialAction\":[{\"@type\":\"SearchAction\",\"target\":{\"@type\":\"EntryPoint\",\"urlTemplate\":\"https:\\\/\\\/virginiebinot.com\\\/en\\\/?s={search_term_string}\"},\"query-input\":{\"@type\":\"PropertyValueSpecification\",\"valueRequired\":true,\"valueName\":\"search_term_string\"}}],\"inLanguage\":\"en-US\"},{\"@type\":\"Organization\",\"@id\":\"https:\\\/\\\/virginiebinot.com\\\/en\\\/#organization\",\"name\":\"Virginie Binot\",\"url\":\"https:\\\/\\\/virginiebinot.com\\\/en\\\/\",\"logo\":{\"@type\":\"ImageObject\",\"inLanguage\":\"en-US\",\"@id\":\"https:\\\/\\\/virginiebinot.com\\\/en\\\/#\\\/schema\\\/logo\\\/image\\\/\",\"url\":\"https:\\\/\\\/virginiebinot.com\\\/wp-content\\\/uploads\\\/2022\\\/10\\\/virginie_binot_agenda_conference_intuition_dedicaces_espace_culturel_leclerc_sainte_marie.jpg\",\"contentUrl\":\"https:\\\/\\\/virginiebinot.com\\\/wp-content\\\/uploads\\\/2022\\\/10\\\/virginie_binot_agenda_conference_intuition_dedicaces_espace_culturel_leclerc_sainte_marie.jpg\",\"width\":845,\"height\":1183,\"caption\":\"Virginie Binot\"},\"image\":{\"@id\":\"https:\\\/\\\/virginiebinot.com\\\/en\\\/#\\\/schema\\\/logo\\\/image\\\/\"},\"sameAs\":[\"https:\\\/\\\/www.facebook.com\\\/virginiebinotauteur\",\"https:\\\/\\\/www.instagram.com\\\/virginiebinotauteur\\\/\",\"https:\\\/\\\/www.youtube.com\\\/channel\\\/UCVUFkzIcyuD6vnLCpF1-kCQ\"]}]}<\/script>\n<!-- \/ Yoast SEO plugin. -->","yoast_head_json":{"title":"Store - Virginie Binot","robots":{"index":"index","follow":"follow","max-snippet":"max-snippet:-1","max-image-preview":"max-image-preview:large","max-video-preview":"max-video-preview:-1"},"canonical":"https:\/\/virginiebinot.com\/en\/store\/","og_locale":"en_US","og_type":"article","og_title":"Store - Virginie Binot","og_url":"https:\/\/virginiebinot.com\/en\/store\/","og_site_name":"Virginie Binot","article_publisher":"https:\/\/www.facebook.com\/virginiebinotauteur","article_modified_time":"2024-03-31T09:56:07+00:00","twitter_card":"summary_large_image","twitter_misc":{"Est. reading time":"1 minute"},"schema":{"@context":"https:\/\/schema.org","@graph":[{"@type":"WebPage","@id":"https:\/\/virginiebinot.com\/en\/store\/","url":"https:\/\/virginiebinot.com\/en\/store\/","name":"Store - Virginie Binot","isPartOf":{"@id":"https:\/\/virginiebinot.com\/en\/#website"},"datePublished":"2022-09-02T12:48:33+00:00","dateModified":"2024-03-31T09:56:07+00:00","breadcrumb":{"@id":"https:\/\/virginiebinot.com\/en\/store\/#breadcrumb"},"inLanguage":"en-US","potentialAction":[{"@type":"ReadAction","target":["https:\/\/virginiebinot.com\/en\/store\/"]}]},{"@type":"BreadcrumbList","@id":"https:\/\/virginiebinot.com\/en\/store\/#breadcrumb","itemListElement":[{"@type":"ListItem","position":1,"name":"Accueil","item":"https:\/\/virginiebinot.com\/en\/"},{"@type":"ListItem","position":2,"name":"Store"}]},{"@type":"WebSite","@id":"https:\/\/virginiebinot.com\/en\/#website","url":"https:\/\/virginiebinot.com\/en\/","name":"Virginie Binot","description":"Virginie Binot Auteur","publisher":{"@id":"https:\/\/virginiebinot.com\/en\/#organization"},"potentialAction":[{"@type":"SearchAction","target":{"@type":"EntryPoint","urlTemplate":"https:\/\/virginiebinot.com\/en\/?s={search_term_string}"},"query-input":{"@type":"PropertyValueSpecification","valueRequired":true,"valueName":"search_term_string"}}],"inLanguage":"en-US"},{"@type":"Organization","@id":"https:\/\/virginiebinot.com\/en\/#organization","name":"Virginie Binot","url":"https:\/\/virginiebinot.com\/en\/","logo":{"@type":"ImageObject","inLanguage":"en-US","@id":"https:\/\/virginiebinot.com\/en\/#\/schema\/logo\/image\/","url":"https:\/\/virginiebinot.com\/wp-content\/uploads\/2022\/10\/virginie_binot_agenda_conference_intuition_dedicaces_espace_culturel_leclerc_sainte_marie.jpg","contentUrl":"https:\/\/virginiebinot.com\/wp-content\/uploads\/2022\/10\/virginie_binot_agenda_conference_intuition_dedicaces_espace_culturel_leclerc_sainte_marie.jpg","width":845,"height":1183,"caption":"Virginie Binot"},"image":{"@id":"https:\/\/virginiebinot.com\/en\/#\/schema\/logo\/image\/"},"sameAs":["https:\/\/www.facebook.com\/virginiebinotauteur","https:\/\/www.instagram.com\/virginiebinotauteur\/","https:\/\/www.youtube.com\/channel\/UCVUFkzIcyuD6vnLCpF1-kCQ"]}]}},"jetpack_sharing_enabled":true,"_links":{"self":[{"href":"https:\/\/virginiebinot.com\/en\/wp-json\/wp\/v2\/pages\/2686","targetHints":{"allow":["GET"]}}],"collection":[{"href":"https:\/\/virginiebinot.com\/en\/wp-json\/wp\/v2\/pages"}],"about":[{"href":"https:\/\/virginiebinot.com\/en\/wp-json\/wp\/v2\/types\/page"}],"author":[{"embeddable":true,"href":"https:\/\/virginiebinot.com\/en\/wp-json\/wp\/v2\/users\/1"}],"replies":[{"embeddable":true,"href":"https:\/\/virginiebinot.com\/en\/wp-json\/wp\/v2\/comments?post=2686"}],"version-history":[{"count":2,"href":"https:\/\/virginiebinot.com\/en\/wp-json\/wp\/v2\/pages\/2686\/revisions"}],"predecessor-version":[{"id":2688,"href":"https:\/\/virginiebinot.com\/en\/wp-json\/wp\/v2\/pages\/2686\/revisions\/2688"}],"wp:attachment":[{"href":"https:\/\/virginiebinot.com\/en\/wp-json\/wp\/v2\/media?parent=2686"}],"curies":[{"name":"wp","href":"https:\/\/api.w.org\/{rel}","templated":true}]}}