{"id":2685,"date":"2023-09-29T09:46:40","date_gmt":"2023-09-29T07:46:40","guid":{"rendered":"https:\/\/virginiebinot.com\/product\/channeled-sacred-geometric-figure\/"},"modified":"2024-03-27T07:07:17","modified_gmt":"2024-03-27T06:07:17","slug":"channeled-sacred-geometric-figure","status":"publish","type":"product","link":"https:\/\/virginiebinot.com\/en\/product\/channeled-sacred-geometric-figure\/","title":{"rendered":"Channeled sacred geometric figure"},"content":{"rendered":"<h3>A Star in the Universe is an Oracle I received and published in book form. Inside is a sacred geometric figure&#8230;<\/h3>\n<p>By channeling <a href=\"https:\/\/virginiebinot.com\/livres\/\">this Oracle<\/a>The symbolism of infinity, the Trinity, the immensity of the Universe, the energy of the stars and certainly many other things that are completely beyond us.<\/p>\n<p>This figure has a lot of combined elements. Not only is it magnificent, it&#8217;s also endowed with a vibratory power that opens up to infinity. We now know that everything is energy and therefore everything is vibration. Every cell in our body, like the cells of everything else in our universe. So the vibration is in the sound, the music, but not only. Vibration is in everything that surrounds us and makes us up.<\/p>\n<p>This magnificent geometric figure can be placed under your mattress, under your water, under the internet box, in a frame in the living room, bedroom, hallway&#8230;<\/p>\n<h3>Harmonizing, purifying, cleansing, the benefits of a sacred geometric figure are immense.<\/h3>\n<p>You can download it here in two formats (large and small on standard A4 paper) for just 2 \u20ac<\/p>\n<p>You can then photocopy it, laminate it, etc. as you wish, in a private setting.<\/p>\n<p>I wish you a wonderful use of it, for it is a beautiful Divine gift. Give free rein to your imagination and intuition.<\/p>\n<p>Why not wear it for a while? Apply to pain. Everything is possible in energy and depends very much on your own beliefs.<\/p>\n<p>Have fun, test without preconceived ideas, and let the energy do what it wants. Life&#8217;s magic always has surprises in store for us.<\/p>\n<p><img loading=\"lazy\" decoding=\"async\" class=\"wp-image-2608 aligncenter\" src=\"https:\/\/virginiebinot.com\/wp-content\/uploads\/2023\/09\/Figure_geometrique_sacree_virginie_binot-400x400.png\" alt=\"Figure_geometric_sacred_virginie_binot\" width=\"221\" height=\"221\" srcset=\"https:\/\/virginiebinot.com\/wp-content\/uploads\/2023\/09\/Figure_geometrique_sacree_virginie_binot-400x400.png 400w, https:\/\/virginiebinot.com\/wp-content\/uploads\/2023\/09\/Figure_geometrique_sacree_virginie_binot-800x800.png 800w, https:\/\/virginiebinot.com\/wp-content\/uploads\/2023\/09\/Figure_geometrique_sacree_virginie_binot-280x280.png 280w, https:\/\/virginiebinot.com\/wp-content\/uploads\/2023\/09\/Figure_geometrique_sacree_virginie_binot-768x768.png 768w, https:\/\/virginiebinot.com\/wp-content\/uploads\/2023\/09\/Figure_geometrique_sacree_virginie_binot-510x510.png 510w, https:\/\/virginiebinot.com\/wp-content\/uploads\/2023\/09\/Figure_geometrique_sacree_virginie_binot-100x100.png 100w, https:\/\/virginiebinot.com\/wp-content\/uploads\/2023\/09\/Figure_geometrique_sacree_virginie_binot.png 1080w\" sizes=\"auto, (max-width: 221px) 100vw, 221px\" \/><\/p>\n<p>With all my love,<\/p>\n<p><a href=\"https:\/\/virginiebinot.com\/autrice\/\">Virginie<\/a><\/p>\n<p>Follow me on my <a href=\"https:\/\/www.youtube.com\/channel\/UCVUFkzIcyuD6vnLCpF1-kCQ\">YouTube<\/a> channel<\/p>\n<p>This figure is to be downloaded and printed on a sheet of the color of your choice, as this figure has no colored background: so print it on white or any other color you like. My Oracle book <a href=\"https:\/\/www.amazon.fr\/dp\/2383170143\">is available in french at the moment<\/a><\/p>\n<p>This channeled book is also available in bookshops or by ordering directly from them: Cultura, La Fnac, Espaces Culturel Leclerc, esoteric or independent bookshops in a lot of countries.<\/p>\n<p>&nbsp;<\/p>\n<p>&nbsp;<\/p>\n","protected":false},"excerpt":{"rendered":"<p>I received a complex, sacred geometric figure made up of circles, triangles, stars and a heart of the flower of life&#8230; when I was writing my latest book, Oracle.<\/p>\n<p>This figure has a lot of combined elements. It&#8217;s not only beautiful, it&#8217;s vibratory too.<\/p>\n<p>It can be placed under your mattress, under your water, under the Internet box, in a frame in the living room, bedroom, hallway&#8230;<\/p>\n<p>Between harmonization, purification and cleansing, the benefits of sacred geometrical figures are immense.<\/p>\n<p>You can download it here in two formats (large and small on standard A4 paper) for just 2 \u20ac.<\/p>\n<p>You can then photocopy it, laminate it, etc. as you wish, in a private setting.<\/p>\n<p>I wish you a wonderful use of it, for it is a beautiful Divine gift. Give free rein to your imagination and intuition.<\/p>\n","protected":false},"featured_media":2613,"comment_status":"open","ping_status":"closed","template":"","meta":[],"product_brand":[],"product_cat":[149],"product_tag":[152,151,154,157,156,153,155,150],"class_list":{"0":"post-2685","1":"product","2":"type-product","3":"status-publish","4":"has-post-thumbnail","6":"product_cat-symbols","7":"product_tag-come-true","8":"product_tag-dreams","9":"product_tag-keys-to-fulfillment","10":"product_tag-oracle-en","11":"product_tag-sacred-geometric-figure","12":"product_tag-serenity","13":"product_tag-to-be-oneself","14":"product_tag-view","16":"first","17":"instock","18":"downloadable","19":"shipping-taxable","20":"purchasable","21":"product-type-simple"},"yoast_head":"<!-- This site is optimized with the Yoast SEO plugin v27.4 - https:\/\/yoast.com\/product\/yoast-seo-wordpress\/ -->\n<title>Channeled sacred geometric figure - Virginie Binot<\/title>\n<meta name=\"description\" content=\"Sacred geometric figure of circles, stars and triangles, channeled at the same time as my last book not traduced in english for instance : Oracle A Star in the Universe\" \/>\n<meta name=\"robots\" content=\"index, follow, max-snippet:-1, max-image-preview:large, max-video-preview:-1\" \/>\n<link rel=\"canonical\" href=\"https:\/\/virginiebinot.com\/en\/product\/channeled-sacred-geometric-figure\/\" \/>\n<meta property=\"og:locale\" content=\"en_US\" \/>\n<meta property=\"og:type\" content=\"article\" \/>\n<meta property=\"og:title\" content=\"Channeled sacred geometric figure - Virginie Binot\" \/>\n<meta property=\"og:description\" content=\"Sacred geometric figure of circles, stars and triangles, channeled at the same time as my last book not traduced in english for instance : Oracle A Star in the Universe\" \/>\n<meta property=\"og:url\" content=\"https:\/\/virginiebinot.com\/en\/product\/channeled-sacred-geometric-figure\/\" \/>\n<meta property=\"og:site_name\" content=\"Virginie Binot\" \/>\n<meta property=\"article:publisher\" content=\"https:\/\/www.facebook.com\/virginiebinotauteur\" \/>\n<meta property=\"article:modified_time\" content=\"2024-03-27T06:07:17+00:00\" \/>\n<meta property=\"og:image\" content=\"https:\/\/virginiebinot.com\/wp-content\/uploads\/2023\/09\/virginie_binot_boutique_figure_geometrie_sacree_canalisee.png\" \/>\n\t<meta property=\"og:image:width\" content=\"1500\" \/>\n\t<meta property=\"og:image:height\" content=\"1772\" \/>\n\t<meta property=\"og:image:type\" content=\"image\/png\" \/>\n<meta name=\"twitter:card\" content=\"summary_large_image\" \/>\n<meta name=\"twitter:label1\" content=\"Est. reading time\" \/>\n\t<meta name=\"twitter:data1\" content=\"2 minutes\" \/>\n<script type=\"application\/ld+json\" class=\"yoast-schema-graph\">{\"@context\":\"https:\\\/\\\/schema.org\",\"@graph\":[{\"@type\":\"WebPage\",\"@id\":\"https:\\\/\\\/virginiebinot.com\\\/en\\\/product\\\/channeled-sacred-geometric-figure\\\/\",\"url\":\"https:\\\/\\\/virginiebinot.com\\\/en\\\/product\\\/channeled-sacred-geometric-figure\\\/\",\"name\":\"Channeled sacred geometric figure - Virginie Binot\",\"isPartOf\":{\"@id\":\"https:\\\/\\\/virginiebinot.com\\\/en\\\/#website\"},\"primaryImageOfPage\":{\"@id\":\"https:\\\/\\\/virginiebinot.com\\\/en\\\/product\\\/channeled-sacred-geometric-figure\\\/#primaryimage\"},\"image\":{\"@id\":\"https:\\\/\\\/virginiebinot.com\\\/en\\\/product\\\/channeled-sacred-geometric-figure\\\/#primaryimage\"},\"thumbnailUrl\":\"https:\\\/\\\/virginiebinot.com\\\/wp-content\\\/uploads\\\/2023\\\/09\\\/virginie_binot_boutique_figure_geometrie_sacree_canalisee.png\",\"datePublished\":\"2023-09-29T07:46:40+00:00\",\"dateModified\":\"2024-03-27T06:07:17+00:00\",\"description\":\"Sacred geometric figure of circles, stars and triangles, channeled at the same time as my last book not traduced in english for instance : Oracle A Star in the Universe\",\"breadcrumb\":{\"@id\":\"https:\\\/\\\/virginiebinot.com\\\/en\\\/product\\\/channeled-sacred-geometric-figure\\\/#breadcrumb\"},\"inLanguage\":\"en-US\",\"potentialAction\":[{\"@type\":\"ReadAction\",\"target\":[\"https:\\\/\\\/virginiebinot.com\\\/en\\\/product\\\/channeled-sacred-geometric-figure\\\/\"]}]},{\"@type\":\"ImageObject\",\"inLanguage\":\"en-US\",\"@id\":\"https:\\\/\\\/virginiebinot.com\\\/en\\\/product\\\/channeled-sacred-geometric-figure\\\/#primaryimage\",\"url\":\"https:\\\/\\\/virginiebinot.com\\\/wp-content\\\/uploads\\\/2023\\\/09\\\/virginie_binot_boutique_figure_geometrie_sacree_canalisee.png\",\"contentUrl\":\"https:\\\/\\\/virginiebinot.com\\\/wp-content\\\/uploads\\\/2023\\\/09\\\/virginie_binot_boutique_figure_geometrie_sacree_canalisee.png\",\"width\":1500,\"height\":1772,\"caption\":\"figure_g\u00e9om\u00e9trie_sacr\u00e9e_canalis\u00e9e\"},{\"@type\":\"BreadcrumbList\",\"@id\":\"https:\\\/\\\/virginiebinot.com\\\/en\\\/product\\\/channeled-sacred-geometric-figure\\\/#breadcrumb\",\"itemListElement\":[{\"@type\":\"ListItem\",\"position\":1,\"name\":\"Accueil\",\"item\":\"https:\\\/\\\/virginiebinot.com\\\/en\\\/\"},{\"@type\":\"ListItem\",\"position\":2,\"name\":\"ShopWP\",\"item\":\"https:\\\/\\\/virginiebinot.com\\\/en\\\/shop\\\/\"},{\"@type\":\"ListItem\",\"position\":3,\"name\":\"Channeled sacred geometric figure\"}]},{\"@type\":\"WebSite\",\"@id\":\"https:\\\/\\\/virginiebinot.com\\\/en\\\/#website\",\"url\":\"https:\\\/\\\/virginiebinot.com\\\/en\\\/\",\"name\":\"Virginie Binot\",\"description\":\"Virginie Binot Auteur\",\"publisher\":{\"@id\":\"https:\\\/\\\/virginiebinot.com\\\/en\\\/#organization\"},\"potentialAction\":[{\"@type\":\"SearchAction\",\"target\":{\"@type\":\"EntryPoint\",\"urlTemplate\":\"https:\\\/\\\/virginiebinot.com\\\/en\\\/?s={search_term_string}\"},\"query-input\":{\"@type\":\"PropertyValueSpecification\",\"valueRequired\":true,\"valueName\":\"search_term_string\"}}],\"inLanguage\":\"en-US\"},{\"@type\":\"Organization\",\"@id\":\"https:\\\/\\\/virginiebinot.com\\\/en\\\/#organization\",\"name\":\"Virginie Binot\",\"url\":\"https:\\\/\\\/virginiebinot.com\\\/en\\\/\",\"logo\":{\"@type\":\"ImageObject\",\"inLanguage\":\"en-US\",\"@id\":\"https:\\\/\\\/virginiebinot.com\\\/en\\\/#\\\/schema\\\/logo\\\/image\\\/\",\"url\":\"https:\\\/\\\/virginiebinot.com\\\/wp-content\\\/uploads\\\/2022\\\/10\\\/virginie_binot_agenda_conference_intuition_dedicaces_espace_culturel_leclerc_sainte_marie.jpg\",\"contentUrl\":\"https:\\\/\\\/virginiebinot.com\\\/wp-content\\\/uploads\\\/2022\\\/10\\\/virginie_binot_agenda_conference_intuition_dedicaces_espace_culturel_leclerc_sainte_marie.jpg\",\"width\":845,\"height\":1183,\"caption\":\"Virginie Binot\"},\"image\":{\"@id\":\"https:\\\/\\\/virginiebinot.com\\\/en\\\/#\\\/schema\\\/logo\\\/image\\\/\"},\"sameAs\":[\"https:\\\/\\\/www.facebook.com\\\/virginiebinotauteur\",\"https:\\\/\\\/www.instagram.com\\\/virginiebinotauteur\\\/\",\"https:\\\/\\\/www.youtube.com\\\/channel\\\/UCVUFkzIcyuD6vnLCpF1-kCQ\"]}]}<\/script>\n<!-- \/ Yoast SEO plugin. -->","yoast_head_json":{"title":"Channeled sacred geometric figure - Virginie Binot","description":"Sacred geometric figure of circles, stars and triangles, channeled at the same time as my last book not traduced in english for instance : Oracle A Star in the Universe","robots":{"index":"index","follow":"follow","max-snippet":"max-snippet:-1","max-image-preview":"max-image-preview:large","max-video-preview":"max-video-preview:-1"},"canonical":"https:\/\/virginiebinot.com\/en\/product\/channeled-sacred-geometric-figure\/","og_locale":"en_US","og_type":"article","og_title":"Channeled sacred geometric figure - Virginie Binot","og_description":"Sacred geometric figure of circles, stars and triangles, channeled at the same time as my last book not traduced in english for instance : Oracle A Star in the Universe","og_url":"https:\/\/virginiebinot.com\/en\/product\/channeled-sacred-geometric-figure\/","og_site_name":"Virginie Binot","article_publisher":"https:\/\/www.facebook.com\/virginiebinotauteur","article_modified_time":"2024-03-27T06:07:17+00:00","og_image":[{"width":1500,"height":1772,"url":"https:\/\/virginiebinot.com\/wp-content\/uploads\/2023\/09\/virginie_binot_boutique_figure_geometrie_sacree_canalisee.png","type":"image\/png"}],"twitter_card":"summary_large_image","twitter_misc":{"Est. reading time":"2 minutes"},"schema":{"@context":"https:\/\/schema.org","@graph":[{"@type":"WebPage","@id":"https:\/\/virginiebinot.com\/en\/product\/channeled-sacred-geometric-figure\/","url":"https:\/\/virginiebinot.com\/en\/product\/channeled-sacred-geometric-figure\/","name":"Channeled sacred geometric figure - Virginie Binot","isPartOf":{"@id":"https:\/\/virginiebinot.com\/en\/#website"},"primaryImageOfPage":{"@id":"https:\/\/virginiebinot.com\/en\/product\/channeled-sacred-geometric-figure\/#primaryimage"},"image":{"@id":"https:\/\/virginiebinot.com\/en\/product\/channeled-sacred-geometric-figure\/#primaryimage"},"thumbnailUrl":"https:\/\/virginiebinot.com\/wp-content\/uploads\/2023\/09\/virginie_binot_boutique_figure_geometrie_sacree_canalisee.png","datePublished":"2023-09-29T07:46:40+00:00","dateModified":"2024-03-27T06:07:17+00:00","description":"Sacred geometric figure of circles, stars and triangles, channeled at the same time as my last book not traduced in english for instance : Oracle A Star in the Universe","breadcrumb":{"@id":"https:\/\/virginiebinot.com\/en\/product\/channeled-sacred-geometric-figure\/#breadcrumb"},"inLanguage":"en-US","potentialAction":[{"@type":"ReadAction","target":["https:\/\/virginiebinot.com\/en\/product\/channeled-sacred-geometric-figure\/"]}]},{"@type":"ImageObject","inLanguage":"en-US","@id":"https:\/\/virginiebinot.com\/en\/product\/channeled-sacred-geometric-figure\/#primaryimage","url":"https:\/\/virginiebinot.com\/wp-content\/uploads\/2023\/09\/virginie_binot_boutique_figure_geometrie_sacree_canalisee.png","contentUrl":"https:\/\/virginiebinot.com\/wp-content\/uploads\/2023\/09\/virginie_binot_boutique_figure_geometrie_sacree_canalisee.png","width":1500,"height":1772,"caption":"figure_g\u00e9om\u00e9trie_sacr\u00e9e_canalis\u00e9e"},{"@type":"BreadcrumbList","@id":"https:\/\/virginiebinot.com\/en\/product\/channeled-sacred-geometric-figure\/#breadcrumb","itemListElement":[{"@type":"ListItem","position":1,"name":"Accueil","item":"https:\/\/virginiebinot.com\/en\/"},{"@type":"ListItem","position":2,"name":"ShopWP","item":"https:\/\/virginiebinot.com\/en\/shop\/"},{"@type":"ListItem","position":3,"name":"Channeled sacred geometric figure"}]},{"@type":"WebSite","@id":"https:\/\/virginiebinot.com\/en\/#website","url":"https:\/\/virginiebinot.com\/en\/","name":"Virginie Binot","description":"Virginie Binot Auteur","publisher":{"@id":"https:\/\/virginiebinot.com\/en\/#organization"},"potentialAction":[{"@type":"SearchAction","target":{"@type":"EntryPoint","urlTemplate":"https:\/\/virginiebinot.com\/en\/?s={search_term_string}"},"query-input":{"@type":"PropertyValueSpecification","valueRequired":true,"valueName":"search_term_string"}}],"inLanguage":"en-US"},{"@type":"Organization","@id":"https:\/\/virginiebinot.com\/en\/#organization","name":"Virginie Binot","url":"https:\/\/virginiebinot.com\/en\/","logo":{"@type":"ImageObject","inLanguage":"en-US","@id":"https:\/\/virginiebinot.com\/en\/#\/schema\/logo\/image\/","url":"https:\/\/virginiebinot.com\/wp-content\/uploads\/2022\/10\/virginie_binot_agenda_conference_intuition_dedicaces_espace_culturel_leclerc_sainte_marie.jpg","contentUrl":"https:\/\/virginiebinot.com\/wp-content\/uploads\/2022\/10\/virginie_binot_agenda_conference_intuition_dedicaces_espace_culturel_leclerc_sainte_marie.jpg","width":845,"height":1183,"caption":"Virginie Binot"},"image":{"@id":"https:\/\/virginiebinot.com\/en\/#\/schema\/logo\/image\/"},"sameAs":["https:\/\/www.facebook.com\/virginiebinotauteur","https:\/\/www.instagram.com\/virginiebinotauteur\/","https:\/\/www.youtube.com\/channel\/UCVUFkzIcyuD6vnLCpF1-kCQ"]}]}},"jetpack_sharing_enabled":true,"_links":{"self":[{"href":"https:\/\/virginiebinot.com\/en\/wp-json\/wp\/v2\/product\/2685","targetHints":{"allow":["GET"]}}],"collection":[{"href":"https:\/\/virginiebinot.com\/en\/wp-json\/wp\/v2\/product"}],"about":[{"href":"https:\/\/virginiebinot.com\/en\/wp-json\/wp\/v2\/types\/product"}],"replies":[{"embeddable":true,"href":"https:\/\/virginiebinot.com\/en\/wp-json\/wp\/v2\/comments?post=2685"}],"wp:featuredmedia":[{"embeddable":true,"href":"https:\/\/virginiebinot.com\/en\/wp-json\/wp\/v2\/media\/2613"}],"wp:attachment":[{"href":"https:\/\/virginiebinot.com\/en\/wp-json\/wp\/v2\/media?parent=2685"}],"wp:term":[{"taxonomy":"product_brand","embeddable":true,"href":"https:\/\/virginiebinot.com\/en\/wp-json\/wp\/v2\/product_brand?post=2685"},{"taxonomy":"product_cat","embeddable":true,"href":"https:\/\/virginiebinot.com\/en\/wp-json\/wp\/v2\/product_cat?post=2685"},{"taxonomy":"product_tag","embeddable":true,"href":"https:\/\/virginiebinot.com\/en\/wp-json\/wp\/v2\/product_tag?post=2685"}],"curies":[{"name":"wp","href":"https:\/\/api.w.org\/{rel}","templated":true}]}}